{"id":1635,"date":"2020-04-26T08:30:58","date_gmt":"2020-04-26T08:30:58","guid":{"rendered":"https:\/\/lekker.qodeinteractive.com\/?page_id=1635"},"modified":"2024-06-07T20:22:22","modified_gmt":"2024-06-07T17:22:22","slug":"about-us","status":"publish","type":"page","link":"https:\/\/salkimproje.com\/tr\/hakkimizda\/","title":{"rendered":"Hakk\u0131m\u0131zda"},"content":{"rendered":"<div data-elementor-type=\"wp-page\" data-elementor-id=\"1635\" class=\"elementor elementor-1635\">\n\t\t\t\t\t\t<section class=\"elementor-section elementor-top-section elementor-element elementor-element-20b9a54 elementor-section-full_width qodef-elementor-content-grid elementor-section-height-default elementor-section-height-default\" data-id=\"20b9a54\" data-element_type=\"section\">\n\t\t\t\t\t\t<div class=\"elementor-container elementor-column-gap-default\">\n\t\t\t\t\t<div class=\"elementor-column elementor-col-33 elementor-top-column elementor-element elementor-element-569e814\" data-id=\"569e814\" data-element_type=\"column\">\n\t\t\t<div class=\"elementor-widget-wrap elementor-element-populated\">\n\t\t\t\t\t\t<div class=\"elementor-element elementor-element-95dd3df elementor-widget elementor-widget-heading\" data-id=\"95dd3df\" data-element_type=\"widget\" data-widget_type=\"heading.default\">\n\t\t\t\t<div class=\"elementor-widget-container\">\n\t\t\t<style>\/*! elementor - v3.23.0 - 15-07-2024 *\/\n.elementor-heading-title{padding:0;margin:0;line-height:1}.elementor-widget-heading .elementor-heading-title[class*=elementor-size-]>a{color:inherit;font-size:inherit;line-height:inherit}.elementor-widget-heading .elementor-heading-title.elementor-size-small{font-size:15px}.elementor-widget-heading .elementor-heading-title.elementor-size-medium{font-size:19px}.elementor-widget-heading .elementor-heading-title.elementor-size-large{font-size:29px}.elementor-widget-heading .elementor-heading-title.elementor-size-xl{font-size:39px}.elementor-widget-heading .elementor-heading-title.elementor-size-xxl{font-size:59px}<\/style><h6 class=\"elementor-heading-title elementor-size-default\">about us<\/h6>\t\t<\/div>\n\t\t\t\t<\/div>\n\t\t\t\t<div class=\"elementor-element elementor-element-4adb19a elementor-widget elementor-widget-text-editor\" data-id=\"4adb19a\" data-element_type=\"widget\" data-widget_type=\"text-editor.default\">\n\t\t\t\t<div class=\"elementor-widget-container\">\n\t\t\t<style>\/*! elementor - v3.23.0 - 15-07-2024 *\/\n.elementor-widget-text-editor.elementor-drop-cap-view-stacked .elementor-drop-cap{background-color:#69727d;color:#fff}.elementor-widget-text-editor.elementor-drop-cap-view-framed .elementor-drop-cap{color:#69727d;border:3px solid;background-color:transparent}.elementor-widget-text-editor:not(.elementor-drop-cap-view-default) .elementor-drop-cap{margin-top:8px}.elementor-widget-text-editor:not(.elementor-drop-cap-view-default) .elementor-drop-cap-letter{width:1em;height:1em}.elementor-widget-text-editor .elementor-drop-cap{float:left;text-align:center;line-height:1;font-size:50px}.elementor-widget-text-editor .elementor-drop-cap-letter{display:inline-block}<\/style>\t\t\t\t<h3>SALKIM PROJE ile 15 y\u0131l\u0131 a\u015fk\u0131n s\u00fcredir zincir markalar\u0131n ma\u011fazalar\u0131na, otellere, kefe\/restoranlara ve konut projelerine hizmet vermekteyiz<\/h3>\t\t\t\t\t\t<\/div>\n\t\t\t\t<\/div>\n\t\t\t\t<div class=\"elementor-element elementor-element-4f8dfb0 elementor-widget elementor-widget-lekker_core_button\" data-id=\"4f8dfb0\" data-element_type=\"widget\" data-widget_type=\"lekker_core_button.default\">\n\t\t\t\t<div class=\"elementor-widget-container\">\n\t\t\t<a class=\"qodef-shortcode qodef-m  qodef-button qodef-layout--textual  qodef-html--link\" href=\"\" target=\"_self\"  >\n\t<span class=\"qodef-m-text\"><\/span>\n\t<span class=\"qodef-m-lines\"><\/span>\n<\/a>\t\t<\/div>\n\t\t\t\t<\/div>\n\t\t\t\t\t<\/div>\n\t\t<\/div>\n\t\t\t\t<div class=\"elementor-column elementor-col-33 elementor-top-column elementor-element elementor-element-dbf1a95\" data-id=\"dbf1a95\" data-element_type=\"column\">\n\t\t\t<div class=\"elementor-widget-wrap elementor-element-populated\">\n\t\t\t\t\t\t<div class=\"elementor-element elementor-element-68dd25e elementor-widget elementor-widget-text-editor\" data-id=\"68dd25e\" data-element_type=\"widget\" data-widget_type=\"text-editor.default\">\n\t\t\t\t<div class=\"elementor-widget-container\">\n\t\t\t\t\t\t\tSalk\u0131m Orman \u00dcr\u00fcnleri olarak, T\u00fcrkiye'nin en b\u00fcy\u00fck masif ah\u015fap \u00fcreticisi olman\u0131n gururunu ta\u015f\u0131yoruz. Mobilya \u00fcretim departman\u0131m\u0131z SALKIM PROJE ile 15 y\u0131l\u0131 a\u015fk\u0131n s\u00fcredir zincir markalar\u0131n ma\u011fazalar\u0131na, otellere, kefe\/restoranlara ve konut projelerine hizmet vermekteyiz. Uzman ekibimiz ve son teknoloji \u00fcretim tesislerimizle, m\u00fc\u015fterilerimizin taleplerini en y\u00fcksek kalitede kar\u015f\u0131lamak i\u00e7in \u00e7al\u0131\u015f\u0131yoruz.\t\t\t\t\t\t<\/div>\n\t\t\t\t<\/div>\n\t\t\t\t<div class=\"elementor-element elementor-element-3e0a6a6 elementor-widget elementor-widget-text-editor\" data-id=\"3e0a6a6\" data-element_type=\"widget\" data-widget_type=\"text-editor.default\">\n\t\t\t\t<div class=\"elementor-widget-container\">\n\t\t\t\t\t\t\t<p><strong>Misyonumuz<\/strong><br \/>M\u00fc\u015fterilerimize kaliteli ve do\u011fru detaylarla mobilya \u00e7\u00f6z\u00fcmleri sunarak t\u00fcm lokasyonlar\u0131nda konseptlerini uygulamaktad\u0131r. S\u00fcrd\u00fcr\u00fclebilir orman \u00fcr\u00fcnleri kullanarak \u00e7evreye duyarl\u0131 \u00fcretim anlay\u0131\u015f\u0131m\u0131zla sekt\u00f6rde fark yarat\u0131yoruz.<\/p>\t\t\t\t\t\t<\/div>\n\t\t\t\t<\/div>\n\t\t\t\t\t<\/div>\n\t\t<\/div>\n\t\t\t\t<div class=\"elementor-column elementor-col-33 elementor-top-column elementor-element elementor-element-e33a8cd\" data-id=\"e33a8cd\" data-element_type=\"column\">\n\t\t\t<div class=\"elementor-widget-wrap elementor-element-populated\">\n\t\t\t\t\t\t<div class=\"elementor-element elementor-element-1f006ef elementor-widget elementor-widget-text-editor\" data-id=\"1f006ef\" data-element_type=\"widget\" data-widget_type=\"text-editor.default\">\n\t\t\t\t<div class=\"elementor-widget-container\">\n\t\t\t\t\t\t\t<p><strong>Hizmetlerimiz<\/strong><\/p><ul><li>Konsept Mobilya \u00dcretimi: Markalar\u0131n \u00f6zel konseptlerine uygun mobilya teknik tasar\u0131m\u0131 ve \u00fcretimi yap\u0131yoruz. D\u00fcnya genelindeki uygulamalar\u0131m\u0131zla s\u0131n\u0131rlar\u0131 a\u015f\u0131yoruz.<\/li><li>Metal ve Paslanmaz Mobilya: Farkl\u0131 ihtiya\u00e7lara y\u00f6nelik metal ve paslanmaz mobilyalar\u0131n \u00fcretimini ger\u00e7ekle\u015ftiriyoruz. Tasar\u0131mlar\u0131n\u0131z\u0131 en y\u00fcksek kalitede ve hassasiyetle hayata ge\u00e7irme kapasitesine sahibiz.<\/li><li>Oturma Grubu \u00dcretimi: Koltuk, sedir, sandalye gibi oturma gruplar\u0131n\u0131 \u00fcst\u00fcn kalite ve titizlikle \u00fcretiyoruz. Konforlu ve \u015f\u0131k tasar\u0131mlar\u0131n\u0131z\u0131, en ince detaylar\u0131na kadar \u00f6zenle hayata ge\u00e7iriyoruz.<\/li><\/ul>\t\t\t\t\t\t<\/div>\n\t\t\t\t<\/div>\n\t\t\t\t\t<\/div>\n\t\t<\/div>\n\t\t\t\t\t<\/div>\n\t\t<\/section>\n\t\t\t\t<section class=\"elementor-section elementor-top-section elementor-element elementor-element-7ef92666 elementor-section-full_width elementor-section-height-default elementor-section-height-default qodef-elementor-content-no\" data-id=\"7ef92666\" data-element_type=\"section\">\n\t\t\t\t\t\t<div class=\"elementor-container elementor-column-gap-default\">\n\t\t\t\t\t<div class=\"elementor-column elementor-col-100 elementor-top-column elementor-element elementor-element-27dc8d4d\" data-id=\"27dc8d4d\" data-element_type=\"column\">\n\t\t\t<div class=\"elementor-widget-wrap\">\n\t\t\t\t\t\t\t<\/div>\n\t\t<\/div>\n\t\t\t\t\t<\/div>\n\t\t<\/section>\n\t\t\t\t<section class=\"elementor-section elementor-top-section elementor-element elementor-element-183958e elementor-section-full_width elementor-section-content-middle elementor-section-height-default elementor-section-height-default qodef-elementor-content-no\" data-id=\"183958e\" data-element_type=\"section\" data-settings=\"{&quot;background_background&quot;:&quot;classic&quot;}\">\n\t\t\t\t\t\t<div class=\"elementor-container elementor-column-gap-default\">\n\t\t\t\t\t<div class=\"elementor-column elementor-col-100 elementor-top-column elementor-element elementor-element-697c2730\" data-id=\"697c2730\" data-element_type=\"column\">\n\t\t\t<div class=\"elementor-widget-wrap elementor-element-populated\">\n\t\t\t\t\t\t<div class=\"elementor-element elementor-element-6bf5f4eb elementor-widget elementor-widget-spacer\" data-id=\"6bf5f4eb\" data-element_type=\"widget\" data-widget_type=\"spacer.default\">\n\t\t\t\t<div class=\"elementor-widget-container\">\n\t\t\t<style>\/*! elementor - v3.23.0 - 15-07-2024 *\/\n.elementor-column .elementor-spacer-inner{height:var(--spacer-size)}.e-con{--container-widget-width:100%}.e-con-inner>.elementor-widget-spacer,.e-con>.elementor-widget-spacer{width:var(--container-widget-width,var(--spacer-size));--align-self:var(--container-widget-align-self,initial);--flex-shrink:0}.e-con-inner>.elementor-widget-spacer>.elementor-widget-container,.e-con>.elementor-widget-spacer>.elementor-widget-container{height:100%;width:100%}.e-con-inner>.elementor-widget-spacer>.elementor-widget-container>.elementor-spacer,.e-con>.elementor-widget-spacer>.elementor-widget-container>.elementor-spacer{height:100%}.e-con-inner>.elementor-widget-spacer>.elementor-widget-container>.elementor-spacer>.elementor-spacer-inner,.e-con>.elementor-widget-spacer>.elementor-widget-container>.elementor-spacer>.elementor-spacer-inner{height:var(--container-widget-height,var(--spacer-size))}.e-con-inner>.elementor-widget-spacer.elementor-widget-empty,.e-con>.elementor-widget-spacer.elementor-widget-empty{position:relative;min-height:22px;min-width:22px}.e-con-inner>.elementor-widget-spacer.elementor-widget-empty .elementor-widget-empty-icon,.e-con>.elementor-widget-spacer.elementor-widget-empty .elementor-widget-empty-icon{position:absolute;top:0;bottom:0;left:0;right:0;margin:auto;padding:0;width:22px;height:22px}<\/style>\t\t<div class=\"elementor-spacer\">\n\t\t\t<div class=\"elementor-spacer-inner\"><\/div>\n\t\t<\/div>\n\t\t\t\t<\/div>\n\t\t\t\t<\/div>\n\t\t\t\t<section class=\"elementor-section elementor-inner-section elementor-element elementor-element-74ea530d elementor-section-full_width qodef-elementor-content-grid elementor-section-height-default elementor-section-height-default\" data-id=\"74ea530d\" data-element_type=\"section\">\n\t\t\t\t\t\t<div class=\"elementor-container elementor-column-gap-default\">\n\t\t\t\t\t<div class=\"elementor-column elementor-col-50 elementor-inner-column elementor-element elementor-element-279475d4\" data-id=\"279475d4\" data-element_type=\"column\">\n\t\t\t<div class=\"elementor-widget-wrap\">\n\t\t\t\t\t\t\t<\/div>\n\t\t<\/div>\n\t\t\t\t<div class=\"elementor-column elementor-col-50 elementor-inner-column elementor-element elementor-element-33c01fb8\" data-id=\"33c01fb8\" data-element_type=\"column\">\n\t\t\t<div class=\"elementor-widget-wrap elementor-element-populated\">\n\t\t\t\t\t\t<div class=\"elementor-element elementor-element-e6b3f34 elementor-widget elementor-widget-lekker_core_section_title\" data-id=\"e6b3f34\" data-element_type=\"widget\" data-widget_type=\"lekker_core_section_title.default\">\n\t\t\t\t<div class=\"elementor-widget-container\">\n\t\t\t<div class=\"qodef-shortcode qodef-m  qodef-section-title qodef-alignment--left  qodef-section-title--animated\">\n\t\t<h3 class=\"qodef-m-title\" >\n\t\t\t\t\tProjelerimiz\t\t\t<\/h3>\n\t\t<p class=\"qodef-m-text\" style=\"margin-top: 13px\">Birlikte \u00e7al\u0131\u015ft\u0131\u011f\u0131m\u0131z her markay\u0131 kendi markam\u0131z gibi benimsiyor ve m\u00fc\u015fteri memnuniyetini \u00f6n planda tutuyoruz. Bu \u015fekilde, en prestijli projeler i\u00e7in \u00fcretim yap\u0131yoruz.<\/p>\n<\/div>\t\t<\/div>\n\t\t\t\t<\/div>\n\t\t\t\t<div class=\"elementor-element elementor-element-480e279f elementor-widget elementor-widget-lekker_core_button\" data-id=\"480e279f\" data-element_type=\"widget\" data-widget_type=\"lekker_core_button.default\">\n\t\t\t\t<div class=\"elementor-widget-container\">\n\t\t\t<a class=\"qodef-shortcode qodef-m  qodef-button qodef-layout--textual  qodef-html--link\" href=\"https:\/\/salkimproje.com\/tr\/projeler\/\" target=\"_self\"  >\n\t<span class=\"qodef-m-text\">Devam\u0131<\/span>\n\t<span class=\"qodef-m-lines\"><\/span>\n<\/a>\t\t<\/div>\n\t\t\t\t<\/div>\n\t\t\t\t\t<\/div>\n\t\t<\/div>\n\t\t\t\t\t<\/div>\n\t\t<\/section>\n\t\t\t\t<div class=\"elementor-element elementor-element-40b9e197 elementor-widget elementor-widget-spacer\" data-id=\"40b9e197\" data-element_type=\"widget\" data-widget_type=\"spacer.default\">\n\t\t\t\t<div class=\"elementor-widget-container\">\n\t\t\t\t\t<div class=\"elementor-spacer\">\n\t\t\t<div class=\"elementor-spacer-inner\"><\/div>\n\t\t<\/div>\n\t\t\t\t<\/div>\n\t\t\t\t<\/div>\n\t\t\t\t\t<\/div>\n\t\t<\/div>\n\t\t\t\t\t<\/div>\n\t\t<\/section>\n\t\t\t\t<section class=\"elementor-section elementor-top-section elementor-element elementor-element-1bc205e elementor-section-full_width qodef-elementor-content-grid elementor-section-height-default elementor-section-height-default\" data-id=\"1bc205e\" data-element_type=\"section\">\n\t\t\t\t\t\t<div class=\"elementor-container elementor-column-gap-default\">\n\t\t\t\t\t<div class=\"elementor-column elementor-col-100 elementor-top-column elementor-element elementor-element-7eb9c61\" data-id=\"7eb9c61\" data-element_type=\"column\">\n\t\t\t<div class=\"elementor-widget-wrap elementor-element-populated\">\n\t\t\t\t\t\t<div class=\"elementor-element elementor-element-e548d10 elementor-widget elementor-widget-heading\" data-id=\"e548d10\" data-element_type=\"widget\" data-widget_type=\"heading.default\">\n\t\t\t\t<div class=\"elementor-widget-container\">\n\t\t\t<h4 class=\"elementor-heading-title elementor-size-default\">B\u00fcltenimize kay\u0131t olun,<\/h4>\t\t<\/div>\n\t\t\t\t<\/div>\n\t\t\t\t<div class=\"elementor-element elementor-element-aea2e05 elementor-widget elementor-widget-wp-widget-lekker_core_contact_form_7\" data-id=\"aea2e05\" data-element_type=\"widget\" data-widget_type=\"wp-widget-lekker_core_contact_form_7.default\">\n\t\t\t\t<div class=\"elementor-widget-container\">\n\t\t\t\t\t\t<div class=\"qodef-contact-form-7\">\n\t\t\t\t\n<div class=\"wpcf7 no-js\" id=\"wpcf7-f1115-o1\" lang=\"en-US\" dir=\"ltr\">\n<div class=\"screen-reader-response\"><p role=\"status\" aria-live=\"polite\" aria-atomic=\"true\"><\/p> <ul><\/ul><\/div>\n<form action=\"\/tr\/wp-json\/wp\/v2\/pages\/1635#wpcf7-f1115-o1\" method=\"post\" class=\"wpcf7-form init\" aria-label=\"Contact form\" novalidate=\"novalidate\" data-status=\"init\" data-trp-original-action=\"\/tr\/wp-json\/wp\/v2\/pages\/1635#wpcf7-f1115-o1\">\n<div style=\"display: none;\">\n<input type=\"hidden\" name=\"_wpcf7\" value=\"1115\" \/>\n<input type=\"hidden\" name=\"_wpcf7_version\" value=\"5.7.5.1\" \/>\n<input type=\"hidden\" name=\"_wpcf7_locale\" value=\"en_US\" \/>\n<input type=\"hidden\" name=\"_wpcf7_unit_tag\" value=\"wpcf7-f1115-o1\" \/>\n<input type=\"hidden\" name=\"_wpcf7_container_post\" value=\"0\" \/>\n<input type=\"hidden\" name=\"_wpcf7_posted_data_hash\" value=\"\" \/>\n<input type=\"hidden\" name=\"_wpcf7_recaptcha_response\" value=\"\" \/>\n<\/div>\n<div class=\"qodef-newsletter qodef-newsletter-about-us\">\n<span class=\"wpcf7-form-control-wrap\" data-name=\"your-email\"><input size=\"40\" class=\"wpcf7-form-control wpcf7-text wpcf7-email wpcf7-validates-as-required wpcf7-validates-as-email\" aria-required=\"true\" aria-invalid=\"false\" placeholder=\"E-mail adresiniz\" value=\"\" type=\"email\" name=\"your-email\" \/><\/span>\n<div class=\"qodef-newsletter-button\"><button class=\"wpcf7-form-control wpcf7-submit qodef-button qodef-size--normal qodef-type--filled qodef-m\" type=\"submit\"><span class=\"qodef-m-text\">Abone Ol<\/span><\/button><\/div>\n<\/div><div class=\"wpcf7-response-output\" aria-hidden=\"true\"><\/div>\n<input type=\"hidden\" name=\"trp-form-language\" value=\"tr\"\/><\/form>\n<\/div>\n\t\t\t<\/div>\n\t\t\t\t\t<\/div>\n\t\t\t\t<\/div>\n\t\t\t\t<div class=\"elementor-element elementor-element-4332cdb elementor-widget elementor-widget-wp-widget-lekker_core_contact_form_7\" data-id=\"4332cdb\" data-element_type=\"widget\" data-widget_type=\"wp-widget-lekker_core_contact_form_7.default\">\n\t\t\t\t<div class=\"elementor-widget-container\">\n\t\t\t\t\t\t<div class=\"qodef-contact-form-7\">\n\t\t\t\t\t\t\t<\/div>\n\t\t\t\t\t<\/div>\n\t\t\t\t<\/div>\n\t\t\t\t\t<\/div>\n\t\t<\/div>\n\t\t\t\t\t<\/div>\n\t\t<\/section>\n\t\t\t\t<\/div>","protected":false},"excerpt":{"rendered":"<p>about us SALKIM PROJE, has been serving chain brand stores, hotels, cafes\/restaurants, and residential projects. As Salk\u0131m Forest Products, we take pride in being the largest solid wood manufacturer in Turkey. For over 15 years, our furniture production department, SALKIM PROJE, has been serving chain brand stores, hotels, cafes\/restaurants, and residential projects. With our expert [&hellip;]<\/p>","protected":false},"author":1,"featured_media":0,"parent":0,"menu_order":0,"comment_status":"closed","ping_status":"closed","template":"page-full-width.php","meta":[],"_links":{"self":[{"href":"https:\/\/salkimproje.com\/tr\/wp-json\/wp\/v2\/pages\/1635"}],"collection":[{"href":"https:\/\/salkimproje.com\/tr\/wp-json\/wp\/v2\/pages"}],"about":[{"href":"https:\/\/salkimproje.com\/tr\/wp-json\/wp\/v2\/types\/page"}],"author":[{"embeddable":true,"href":"https:\/\/salkimproje.com\/tr\/wp-json\/wp\/v2\/users\/1"}],"replies":[{"embeddable":true,"href":"https:\/\/salkimproje.com\/tr\/wp-json\/wp\/v2\/comments?post=1635"}],"version-history":[{"count":20,"href":"https:\/\/salkimproje.com\/tr\/wp-json\/wp\/v2\/pages\/1635\/revisions"}],"predecessor-version":[{"id":5734,"href":"https:\/\/salkimproje.com\/tr\/wp-json\/wp\/v2\/pages\/1635\/revisions\/5734"}],"wp:attachment":[{"href":"https:\/\/salkimproje.com\/tr\/wp-json\/wp\/v2\/media?parent=1635"}],"curies":[{"name":"wp","href":"https:\/\/api.w.org\/{rel}","templated":true}]}}