{"id":1882,"date":"2020-04-26T14:23:39","date_gmt":"2020-04-26T11:23:39","guid":{"rendered":"https:\/\/lekker.qodeinteractive.com\/?page_id=1882"},"modified":"2024-06-20T16:42:40","modified_gmt":"2024-06-20T13:42:40","slug":"facilities","status":"publish","type":"page","link":"https:\/\/salkimproje.com\/tr\/tesislerimiz\/","title":{"rendered":"Tesislerimiz"},"content":{"rendered":"<div data-elementor-type=\"wp-page\" data-elementor-id=\"1882\" class=\"elementor elementor-1882\">\n\t\t\t\t\t\t<section class=\"elementor-section elementor-top-section elementor-element elementor-element-bfa1754 elementor-section-full_width qodef-elementor-content-grid elementor-section-height-default elementor-section-height-default\" data-id=\"bfa1754\" data-element_type=\"section\">\n\t\t\t\t\t\t<div class=\"elementor-container elementor-column-gap-default\">\n\t\t\t\t\t<div class=\"elementor-column elementor-col-33 elementor-top-column elementor-element elementor-element-249c7ae9\" data-id=\"249c7ae9\" data-element_type=\"column\">\n\t\t\t<div class=\"elementor-widget-wrap elementor-element-populated\">\n\t\t\t\t\t\t<div class=\"elementor-element elementor-element-204710c9 elementor-widget elementor-widget-lekker_core_section_title\" data-id=\"204710c9\" data-element_type=\"widget\" data-widget_type=\"lekker_core_section_title.default\">\n\t\t\t\t<div class=\"elementor-widget-container\">\n\t\t\t<div class=\"qodef-shortcode qodef-m  qodef-section-title qodef-alignment--left  qodef-section-title--animated\">\n\t\t<h4 class=\"qodef-m-title\" >\n\t\t\t\t\tSon teknoloji \u00fcretim\t\t\t<\/h4>\n\t\t<p class=\"qodef-m-text\" style=\"margin-top: 17px\">SALKIM'in kendi b\u00fcnyesindeki imalat\u0131 ve di\u011fer birimleri, bir projenin tasar\u0131m\u0131, \u00fcretimi, uygulama ve montaj\u0131 boyunca kaliteyi garanti eder. T\u00fcrkiye'de bulunan son teknolojiye sahip iki fabrikam\u0131z, b\u00fcy\u00fck i\u015fler i\u00e7in y\u00fcksek kaliteli sabit ve hareketli mobilya se\u00e7eneklerini h\u0131zl\u0131 bir \u015fekilde \u00fcretebilmektedir.<\/p>\n<\/div>\t\t<\/div>\n\t\t\t\t<\/div>\n\t\t\t\t\t<\/div>\n\t\t<\/div>\n\t\t\t\t<div class=\"elementor-column elementor-col-33 elementor-top-column elementor-element elementor-element-4f7b65d\" data-id=\"4f7b65d\" data-element_type=\"column\">\n\t\t\t<div class=\"elementor-widget-wrap elementor-element-populated\">\n\t\t\t\t\t\t<div class=\"elementor-element elementor-element-777e757b elementor-widget elementor-widget-lekker_core_section_title\" data-id=\"777e757b\" data-element_type=\"widget\" data-widget_type=\"lekker_core_section_title.default\">\n\t\t\t\t<div class=\"elementor-widget-container\">\n\t\t\t<div class=\"qodef-shortcode qodef-m  qodef-section-title qodef-alignment--left  qodef-section-title--animated\">\n\t\t<h4 class=\"qodef-m-title\" >\n\t\t\t\t\tFirma \u0130\u00e7inde \u00c7\u00f6z\u00fcm \t\t\t<\/h4>\n\t\t<p class=\"qodef-m-text\" style=\"margin-top: 17px\">D\u00f6\u015feme, metal,  kaplama ve boyama gibi ah\u015fap \u00fcretime ili\u015fkin t\u00fcm s\u00fcre\u00e7ler i\u00e7in uzmanla\u015fm\u0131\u015f departmanlar i\u00e7eren SALKIM'\u0131n \u00fcretim tesisleri, en kaliteli mobilyalardan yang\u0131na dayan\u0131kl\u0131 kap\u0131lara kadar her \u015fey i\u00e7in y\u00fcksek kaliteli firma i\u00e7i \u00fcretim olanaklar\u0131 sunan benzersiz bir \u00fcretim s\u00fcrecini m\u00fcmk\u00fcn k\u0131lmaktad\u0131r.<\/p>\n<\/div>\t\t<\/div>\n\t\t\t\t<\/div>\n\t\t\t\t\t<\/div>\n\t\t<\/div>\n\t\t\t\t<div class=\"elementor-column elementor-col-33 elementor-top-column elementor-element elementor-element-72e762e2\" data-id=\"72e762e2\" data-element_type=\"column\">\n\t\t\t<div class=\"elementor-widget-wrap elementor-element-populated\">\n\t\t\t\t\t\t<div class=\"elementor-element elementor-element-5e1ad300 elementor-widget elementor-widget-lekker_core_section_title\" data-id=\"5e1ad300\" data-element_type=\"widget\" data-widget_type=\"lekker_core_section_title.default\">\n\t\t\t\t<div class=\"elementor-widget-container\">\n\t\t\t<div class=\"qodef-shortcode qodef-m  qodef-section-title qodef-alignment--left  qodef-section-title--animated\">\n\t\t<h4 class=\"qodef-m-title\" >\n\t\t\t\t\tS\u00fcrd\u00fcr\u00fclebilirlik\t\t\t<\/h4>\n\t\t<p class=\"qodef-m-text\" style=\"margin-top: 17px\">Makine parkurumuz ve \u00fcretim s\u00fcre\u00e7lerimiz, malzemeleri sorumlu bir \u015fekilde temin etme ve at\u0131klar\u0131 en aza indirme taahh\u00fcd\u00fcm\u00fcz\u00fc destekleyen kat\u0131 spesifikasyonlara uymaktad\u0131r.<\/p>\n<\/div>\t\t<\/div>\n\t\t\t\t<\/div>\n\t\t\t\t\t<\/div>\n\t\t<\/div>\n\t\t\t\t\t<\/div>\n\t\t<\/section>\n\t\t\t\t<section style=\"min-height: 260px\" class=\"elementor-section elementor-top-section elementor-element elementor-element-0187edf elementor-section-full_width elementor-section-height-default elementor-section-height-default qodef-elementor-content-no\" data-id=\"0187edf\" data-element_type=\"section\">\n\t\t\t\t\t\t<div class=\"elementor-container elementor-column-gap-default\">\n\t\t\t\t\t<div class=\"elementor-column elementor-col-100 elementor-top-column elementor-element elementor-element-7d1231b\" data-id=\"7d1231b\" data-element_type=\"column\">\n\t\t\t<div class=\"elementor-widget-wrap elementor-element-populated\">\n\t\t\t\t\t\t<div class=\"elementor-element elementor-element-09332a3 elementor-widget elementor-widget-spacer\" data-id=\"09332a3\" data-element_type=\"widget\" data-widget_type=\"spacer.default\">\n\t\t\t\t<div class=\"elementor-widget-container\">\n\t\t\t<style>\/*! elementor - v3.23.0 - 15-07-2024 *\/\n.elementor-column .elementor-spacer-inner{height:var(--spacer-size)}.e-con{--container-widget-width:100%}.e-con-inner>.elementor-widget-spacer,.e-con>.elementor-widget-spacer{width:var(--container-widget-width,var(--spacer-size));--align-self:var(--container-widget-align-self,initial);--flex-shrink:0}.e-con-inner>.elementor-widget-spacer>.elementor-widget-container,.e-con>.elementor-widget-spacer>.elementor-widget-container{height:100%;width:100%}.e-con-inner>.elementor-widget-spacer>.elementor-widget-container>.elementor-spacer,.e-con>.elementor-widget-spacer>.elementor-widget-container>.elementor-spacer{height:100%}.e-con-inner>.elementor-widget-spacer>.elementor-widget-container>.elementor-spacer>.elementor-spacer-inner,.e-con>.elementor-widget-spacer>.elementor-widget-container>.elementor-spacer>.elementor-spacer-inner{height:var(--container-widget-height,var(--spacer-size))}.e-con-inner>.elementor-widget-spacer.elementor-widget-empty,.e-con>.elementor-widget-spacer.elementor-widget-empty{position:relative;min-height:22px;min-width:22px}.e-con-inner>.elementor-widget-spacer.elementor-widget-empty .elementor-widget-empty-icon,.e-con>.elementor-widget-spacer.elementor-widget-empty .elementor-widget-empty-icon{position:absolute;top:0;bottom:0;left:0;right:0;margin:auto;padding:0;width:22px;height:22px}<\/style>\t\t<div class=\"elementor-spacer\">\n\t\t\t<div class=\"elementor-spacer-inner\"><\/div>\n\t\t<\/div>\n\t\t\t\t<\/div>\n\t\t\t\t<\/div>\n\t\t\t\t<div class=\"elementor-element elementor-element-ab991d4 elementor-widget elementor-widget-heading\" data-id=\"ab991d4\" data-element_type=\"widget\" data-widget_type=\"heading.default\">\n\t\t\t\t<div class=\"elementor-widget-container\">\n\t\t\t<style>\/*! elementor - v3.23.0 - 15-07-2024 *\/\n.elementor-heading-title{padding:0;margin:0;line-height:1}.elementor-widget-heading .elementor-heading-title[class*=elementor-size-]>a{color:inherit;font-size:inherit;line-height:inherit}.elementor-widget-heading .elementor-heading-title.elementor-size-small{font-size:15px}.elementor-widget-heading .elementor-heading-title.elementor-size-medium{font-size:19px}.elementor-widget-heading .elementor-heading-title.elementor-size-large{font-size:29px}.elementor-widget-heading .elementor-heading-title.elementor-size-xl{font-size:39px}.elementor-widget-heading .elementor-heading-title.elementor-size-xxl{font-size:59px}<\/style><h2 class=\"elementor-heading-title elementor-size-default\">\u00c7al\u0131\u015fma \u015feklimizi inceleyin <\/h2>\t\t<\/div>\n\t\t\t\t<\/div>\n\t\t\t\t<div class=\"elementor-element elementor-element-bbc0a2a elementor-widget__width-auto elementor-widget elementor-widget-lekker_core_button\" data-id=\"bbc0a2a\" data-element_type=\"widget\" data-widget_type=\"lekker_core_button.default\">\n\t\t\t\t<div class=\"elementor-widget-container\">\n\t\t\t<a class=\"qodef-shortcode qodef-m  qodef-button qodef-layout--filled  qodef-html--link\" href=\"https:\/\/salkimproje.com\/tr\/calisma-seklimiz\/\" target=\"_self\"  style=\"color: #000000;background-color: #FFFFFF\">\n\t<span class=\"qodef-m-text\">Detaylar<\/span>\n<\/a>\t\t<\/div>\n\t\t\t\t<\/div>\n\t\t\t\t<div class=\"elementor-element elementor-element-edad0ce elementor-widget elementor-widget-spacer\" data-id=\"edad0ce\" data-element_type=\"widget\" data-widget_type=\"spacer.default\">\n\t\t\t\t<div class=\"elementor-widget-container\">\n\t\t\t\t\t<div class=\"elementor-spacer\">\n\t\t\t<div class=\"elementor-spacer-inner\"><\/div>\n\t\t<\/div>\n\t\t\t\t<\/div>\n\t\t\t\t<\/div>\n\t\t\t\t\t<\/div>\n\t\t<\/div>\n\t\t\t\t\t<\/div>\n\t\t<\/section>\n\t\t\t\t<section class=\"elementor-section elementor-top-section elementor-element elementor-element-862fdaf qodef-elementor-content-grid elementor-section-boxed elementor-section-height-default elementor-section-height-default\" data-id=\"862fdaf\" data-element_type=\"section\" data-settings=\"{&quot;background_background&quot;:&quot;classic&quot;}\">\n\t\t\t\t\t\t<div class=\"elementor-container elementor-column-gap-default\">\n\t\t\t\t\t<div class=\"elementor-column elementor-col-50 elementor-top-column elementor-element elementor-element-45712dc\" data-id=\"45712dc\" data-element_type=\"column\">\n\t\t\t<div class=\"elementor-widget-wrap elementor-element-populated\">\n\t\t\t\t\t\t<div class=\"elementor-element elementor-element-33bf559 elementor-widget elementor-widget-text-editor\" data-id=\"33bf559\" data-element_type=\"widget\" data-widget_type=\"text-editor.default\">\n\t\t\t\t<div class=\"elementor-widget-container\">\n\t\t\t<style>\/*! elementor - v3.23.0 - 15-07-2024 *\/\n.elementor-widget-text-editor.elementor-drop-cap-view-stacked .elementor-drop-cap{background-color:#69727d;color:#fff}.elementor-widget-text-editor.elementor-drop-cap-view-framed .elementor-drop-cap{color:#69727d;border:3px solid;background-color:transparent}.elementor-widget-text-editor:not(.elementor-drop-cap-view-default) .elementor-drop-cap{margin-top:8px}.elementor-widget-text-editor:not(.elementor-drop-cap-view-default) .elementor-drop-cap-letter{width:1em;height:1em}.elementor-widget-text-editor .elementor-drop-cap{float:left;text-align:center;line-height:1;font-size:50px}.elementor-widget-text-editor .elementor-drop-cap-letter{display:inline-block}<\/style>\t\t\t\t<h4 style=\"text-align: center;\"><span style=\"line-height: 38px;\">Projeleriniz i\u00e7in bizimle ileti\u015fime ge\u00e7in,<\/span><\/h4>\t\t\t\t\t\t<\/div>\n\t\t\t\t<\/div>\n\t\t\t\t\t<\/div>\n\t\t<\/div>\n\t\t\t\t<div class=\"elementor-column elementor-col-50 elementor-top-column elementor-element elementor-element-c027495\" data-id=\"c027495\" data-element_type=\"column\">\n\t\t\t<div class=\"elementor-widget-wrap elementor-element-populated\">\n\t\t\t\t\t\t<div class=\"elementor-element elementor-element-2ade578 elementor-widget__width-auto elementor-widget elementor-widget-lekker_core_button\" data-id=\"2ade578\" data-element_type=\"widget\" data-widget_type=\"lekker_core_button.default\">\n\t\t\t\t<div class=\"elementor-widget-container\">\n\t\t\t<a class=\"qodef-shortcode qodef-m  qodef-button qodef-layout--filled  qodef-html--link\" href=\"https:\/\/salkimproje.com\/tr\/iletisim\/\" target=\"_self\"  >\n\t<span class=\"qodef-m-text\">\u0130leti\u015fim<\/span>\n<\/a>\t\t<\/div>\n\t\t\t\t<\/div>\n\t\t\t\t\t<\/div>\n\t\t<\/div>\n\t\t\t\t\t<\/div>\n\t\t<\/section>\n\t\t\t\t<\/div>","protected":false},"excerpt":{"rendered":"<p>State-of-the-art manufacturing SALKIM&#8217;s in-house fabrication ensures quality throughout a project&#8217;s design, production, installation, and fit-out. Our two state-of-the-art factories which are located in Turkey can produce high-quality joinery and furniture options for big tasks quickly. In-house production The manufacturing facilities of SALKIM, which contain specialized departments such as upholstery, metal, wood and veneers, painting, and [&hellip;]<\/p>","protected":false},"author":1,"featured_media":0,"parent":0,"menu_order":0,"comment_status":"closed","ping_status":"closed","template":"page-full-width.php","meta":[],"_links":{"self":[{"href":"https:\/\/salkimproje.com\/tr\/wp-json\/wp\/v2\/pages\/1882"}],"collection":[{"href":"https:\/\/salkimproje.com\/tr\/wp-json\/wp\/v2\/pages"}],"about":[{"href":"https:\/\/salkimproje.com\/tr\/wp-json\/wp\/v2\/types\/page"}],"author":[{"embeddable":true,"href":"https:\/\/salkimproje.com\/tr\/wp-json\/wp\/v2\/users\/1"}],"replies":[{"embeddable":true,"href":"https:\/\/salkimproje.com\/tr\/wp-json\/wp\/v2\/comments?post=1882"}],"version-history":[{"count":19,"href":"https:\/\/salkimproje.com\/tr\/wp-json\/wp\/v2\/pages\/1882\/revisions"}],"predecessor-version":[{"id":5716,"href":"https:\/\/salkimproje.com\/tr\/wp-json\/wp\/v2\/pages\/1882\/revisions\/5716"}],"wp:attachment":[{"href":"https:\/\/salkimproje.com\/tr\/wp-json\/wp\/v2\/media?parent=1882"}],"curies":[{"name":"wp","href":"https:\/\/api.w.org\/{rel}","templated":true}]}}